{"id":1584,"date":"2017-05-05T10:00:47","date_gmt":"2017-05-05T10:00:47","guid":{"rendered":"http:\/\/sonnenleder:8000\/information\/agb\/"},"modified":"2018-02-27T16:48:39","modified_gmt":"2018-02-27T16:48:39","slug":"agb","status":"publish","type":"page","link":"https:\/\/www.sonnenleder.com\/en\/information\/agb\/","title":{"rendered":"General Terms &#038; Conditions"},"content":{"rendered":"<h4>Vertragspartner<\/h4>\n<p>Auf Grundlage dieser Allgemeinen Gesch\u00e4ftsbedingungen (AGB) kommt zwischen dem Kunden und <\/p>\n<p>Sonnen-Leder GmbH<\/p>\n<p>Vertreten durch Andreas Morgenstern<br \/>\nAdresse: M\u00fchlbachstra\u00dfe 20 78351 Bodman-Ludwigshafen<\/p>\n<p>Handelsregister: HRB<br \/>\nHandelsregisternummer: 590351<br \/>\nUmsatzsteuer-Identifikationsnummer: DE 212269492<\/p>\n<p>, nachfolgend Anbieter genannt, der Vertrag zustande.<\/p>\n<h4>Vertragsgegenstand<\/h4>\n<p> Durch diesen Vertrag wird der Verkauf von neue Waren  \u00fcber den Online-Shop des Anbieters geregelt. Wegen der Details des jeweiligen Angebotes wird auf die Produktbeschreibung der Angebotsseite verwiesen.<\/p>\n<h4>Vertragsschluss<\/h4>\n<p> Der Vertrag kommt ausschlie\u00dflich im elektronischen Gesch\u00e4ftsverkehr \u00fcber das Shop-System zustande. Dabei stellen die dargestellten Angebote eine unverbindliche Aufforderung zur Abgabe eines Angebots durch die Kundenbestellung dar, das der Anbieter dann annehmen kann.<\/p>\n<p> Der Bestellvorgang zum Vertragsschluss umfasst im Shop-System folgende Schritte: <\/p>\n<li>Auswahl des Angebots in der gew\u00fcnschten Spezifikation (Gr\u00f6\u00dfe, Farbe, Anzahl)<\/li>\n<li>Einlegen des Angebots in den Warenkorb<\/li>\n<li>Bet\u00e4tigen des Buttons &#8216;bestellen&#8217;<\/li>\n<li>Eingabe der Rechnungs- und Lieferadresse<\/li>\n<li>Auswahl der Bezahlmethode<\/li>\n<li>\u00dcberpr\u00fcfung und Bearbeitung der Bestellung und aller Eingaben<\/li>\n<li>Bet\u00e4tigen des Buttons &#8216;kostenpflichtig bestellen&#8217;<\/li>\n<li>Best\u00e4tigungsmail, dass Bestellung eingegangen ist<\/li>\n<p> Mit der Zusendung der Bestellbest\u00e4tigung kommt der Vertrag zustande.<\/p>\n<h4>Vertragsdauer<\/h4>\n<p>Der Vertrag wird auf unbestimmte Zeit geschlossen.<\/p>\n<h4>Vorbehalte<\/h4>\n<p>Der Anbieter beh\u00e4lt sich vor, im Falle der Nichtverf\u00fcgbarkeit der versprochenen Leistung diese nicht zu erbringen.<\/p>\n<h4>Preise, Versandkosten, R\u00fccksendekosten<\/h4>\n<p>Alle Preise sind Endpreise und enthalten die gesetzliche Umsatzsteuer. Pro Bestellung fallen einmalig folgende Versandkostenpauschalen an: Deutschland: \u20ac 7,50 EU: \u20ac 12 International: \u20ac 35. Bei Teillieferungen f\u00e4llt die Pauschale jeweils nur einmal an. F\u00fcr den Versand fallen keine weiteren Kosten an. Dies gilt ab einem Betrag von \u20ac 300. Besteht ein Widerrufsrecht und wird von diesem Gebraucht gemacht, tr\u00e4gt der Kunde die Kosten der R\u00fccksendung.<\/p>\n<h4>Zahlungsbedingungen<\/h4>\n<p>Der Kunde hat ausschlie\u00dflich folgende M\u00f6glichkeiten zur Zahlung: Vorab\u00fcberweisung, Zahlungsdienstleister (PayPal), Kreditkarte. Weitere Zahlungsarten werden nicht angeboten und werden zur\u00fcckgewiesen.<br \/>\n  Der Rechnungsbetrag ist nach Zugang der Rechnung, die alle Angaben f\u00fcr die \u00dcberweisung enth\u00e4lt und mit E-Mail verschickt wird, auf das dort angegebene Konto vorab zu \u00fcberweisen. Bei Verwendung eines Treuhandservice\/ Zahlungsdienstleisters erm\u00f6glicht es dieser dem Anbieter und Kunden, die Zahlung untereinander abzuwickeln. Dabei leitet der Treuhandservice\/ Zahlungsdienstleister die Zahlung des Kunden an den Anbieter weiter. Weitere Informationen erhalten Sie auf der Internetseite des jeweiligen Treuhandservices\/ Zahlungsdienstleisters. Bei Zahlung \u00fcber Kreditkarte muss der Kunde der Karteninhaber sein. Die Belastung der Kreditkarte erfolgt nach Versand der Ware. Der Kunde ist verpflichtet innerhalb von 0 Tagen nach Erhalt der Rechnung den ausgewiesenen Betrag auf das auf der Rechnung angegebene Konto einzuzahlen oder zu \u00fcberweisen. Die Zahlung ist ab Rechnungsdatum ohne Abzug f\u00e4llig. Der Kunde kommt erst nach Mahnung in Verzug.<\/p>\n<h4>Lieferbedingungen<\/h4>\n<p>Die Ware wird umgehend nach Eingang der Bestellung versandt. Der Versand erfolgt durchschnittlich sp\u00e4testens nach 2 Tagen. Der Unternehmer verpflichtet sich zur Lieferung am 14 Tag nach Bestelleingang. Die Regellieferzeit betr\u00e4gt 4 Tage, wenn in der Artikelbeschreibung nichts anderes angegeben ist. Der Anbieter versendet die Bestellung aus eigenem Lager, sobald die gesamte Bestellung dort vorr\u00e4tig ist. Der Kunde wird \u00fcber Verz\u00f6gerungen umgehend informiert. Hat der Anbieter ein dauerhaftes Lieferhindernis, insbesondere h\u00f6here Gewalt oder Nichtbelieferung durch eigenen Lieferanten, obwohl rechtzeitig ein entsprechendes Deckungsgesch\u00e4ft get\u00e4tigt wurde, nicht zu vertreten, so hat der Anbieter das Recht, insoweit von einem Vertrag mit dem Kunden zur\u00fcckzutreten. Der Kunde wird dar\u00fcber unverz\u00fcglich informiert und empfangene Leistungen, insbesondere Zahlungen, zur\u00fcckerstattet.<\/p>\n<h4>Vertragsgestaltung<\/h4>\n<p>Der Kunde hat keine M\u00f6glichkeit selbst direkt auf den gespeicherten Vertragstext zuzugreifen.<\/p>\n<h4>Widerrufsrecht und Kundendienst<\/h4>\n<p><b>Widerrufsbelehrung<\/p>\n<p>Widerrufsrecht<\/p>\n<p>Sie haben das Recht, binnen vierzehn Tagen ohne Angabe von Gr\u00fcnden diesen Vertrag zu widerrufen.<\/p>\n<p>Die Widerrufsfrist betr\u00e4gt vierzehn Tage ab dem Tag, <\/p>\n<ul>\n<li>Im Falle eines Kaufvertrags: an dem Sie oder ein von Ihnen benannter Dritter, der nicht der Bef\u00f6rderer ist, die letzte Ware in Besitz genommen haben bzw. hat.<\/li>\n<li>Im Falle einer Vertrags \u00fcber mehrere Waren, die der Verbraucher im Rahmen einer einheitlichen Bestellung bestellt hat und die getrennt geliefert werden: an dem Sie oder ein von Ihnen benannter Dritter, der nicht Bef\u00f6rderer ist, die letzte Ware in Besitz genommen haben bzw. hat.<\/li>\n<li>Im Falle eines Vertrags \u00fcber die Lieferung einer Ware in mehreren Teilsendungen oder St\u00fccken: an dem Sie oder ein von Ihnen benannter Dritter, der nicht Bef\u00f6rderer ist, die letzte Teilsendung oder das letzte St\u00fcck in Besitz genommen haben bzw. hat.<\/li>\n<li>Im Falle eines Vertrages zur regelm\u00e4\u00dfigen Lieferung von Waren \u00fcber einen festgelegten Zeitraum hinweg: an dem Sie oder ein von Ihnen benannter Dritter, der nicht Bef\u00f6rderer ist, die erste Ware in Besitz genommen haben bzw. hat.<\/li>\n<p>Beim Zusammentreffen mehrerer Alternativen ist der jeweils letzte Zeitpunkt ma\u00dfgeblich.<\/p>\n<p>Um Ihr Widerrufsrecht auszu\u00fcben, m\u00fcssen Sie uns (Sonnen-Leder GmbH, Andreas Morgenstern, M\u00fchlbachstra\u00dfe 20 78351 Bodman-Ludwigshafen service@sonneleder.de) mittels einer eindeutigen Erkl\u00e4rung (z.B. ein mit der Post versandter Brief, Telefax, oder E-Mail) \u00fcber Ihren Entschluss, diesen Vertrag zu widerrufen, informieren. Sie k\u00f6nnen daf\u00fcr das beigef\u00fcgte Muster-Widerrufsformular verwenden, das jedoch nicht vorgeschrieben ist.<\/p>\n<p>Zur Wahrung der Widerrufsfrist reicht es aus, dass Sie die Mitteilung \u00fcber die Aus\u00fcbung des Widerrufsrechts vor Ablauf der Widerrufsfrist absenden.<\/p>\n<p>Folgen des Widerrufs<\/p>\n<p>Wenn Sie diesen Vertag widerrufen, haben wir Ihnen alle Zahlungen, die wir von Ihnen erhalten haben, einschlie\u00dflich der Lieferkosten (mit Ausnahmen der zus\u00e4tzlichen Kosten, die sich daraus ergeben, dass Sie einer andere Art der Lieferung als die von uns angebotene, g\u00fcnstige Standardlieferung gew\u00e4hlt haben), unverz\u00fcglich und sp\u00e4testens binnen vierzehn Tagen ab dem Tag zur\u00fcckzuzahlen, an dem die Mitteilung \u00fcber Ihren Widerruf dieses Vertrags bei uns eingegangen ist. F\u00fcr diese R\u00fcckzahlung verwenden wir dasselbe Zahlungsmittel, das Sie bei der urspr\u00fcnglichen Transaktion eingesetzt haben, es sei denn, mit Ihnen wurde ausdr\u00fccklich etwas anderes vereinbart; in keinem Fall werden Ihnen wegen dieser R\u00fcckzahlung Entgelte berechnet. Wir k\u00f6nnen die R\u00fcckzahlung verweigern, bis wir die Waren wieder zur\u00fcckerhalten haben oder bis Sie den Nachweis erbracht haben, dass Sie die Waren zur\u00fcckgesandt haben, je nachdem, welches der fr\u00fchere Zeitpunkt ist.<\/p>\n<p>Sie haben die Waren unverz\u00fcglich und in jedem Fall sp\u00e4testens binnen vierzehn Tagen ab dem Tag, an dem Sie uns \u00fcber den Widerruf dieses Vertrags unterrichten, an Sonnen-Leder GmbH, Andreas Morgenstern, M\u00fchlbachstra\u00dfe 20 78351 Bodman-Ludwigshafen service@sonneleder.de uns zur\u00fcckzusenden oder zu \u00fcbergeben. Die Frist ist gewahrt, wenn Sie die Waren vor Ablauf der Frist von vierzehn Tagen absenden.<\/p>\n<p>Sie tragen die unmittelbaren Kosten der R\u00fccksendung der Waren.<\/p>\n<p>Sie m\u00fcssen f\u00fcr einen etwaigen Wertverlust der Waren nur aufkommen, wenn dieser Wertverlust auf einen zur Pr\u00fcfung der Beschaffenheit, Eigenschaften und Funktionsweise der Waren nicht notwendigen Umgang mit ihnen zur\u00fcckzuf\u00fchren ist.<\/p>\n<p>Ende der Widerrufsbelehrung<\/b><\/p>\n<h4>Sprache, Gerichtsstand und anzuwendendes Recht<\/h4>\n<p>Der Vertrag wird in Deutsch abgefasst. Die weitere Durchf\u00fchrung der Vertragsbeziehung erfolgt in Deutsch. Es findet ausschlie\u00dflich das Recht der Bundesrepublik Deutschland Anwendung. F\u00fcr Verbraucher gilt dies nur insoweit, als dadurch keine gesetzlichen Bestimmungen des Staates eingeschr\u00e4nkt werden, in dem der Kunde seinen Wohnsitz oder gew\u00f6hnlichen Aufenthalt hat. Gerichtsstand ist bei Streitigkeiten mit Kunden, die kein Verbraucher, juristische Person des \u00f6ffentlichen Rechts oder \u00f6ffentlich-rechtliches Sonderverm\u00f6gen sind, Sitz des Anbieters.<\/p>\n<h4>Salvatorische Klausel<\/h4>\n<p>Die Unwirksamkeit einer Bestimmung dieser AGB hat keine Auswirkungen auf die Wirksamkeit der sonstigen Bestimmungen.<\/p>\n","protected":false},"excerpt":{"rendered":"<p>Vertragspartner Auf Grundlage dieser Allgemeinen Gesch\u00e4ftsbedingungen (AGB) kommt zwischen dem Kunden und Sonnen-Leder GmbH Vertreten durch Andreas Morgenstern Adresse: M\u00fchlbachstra\u00dfe 20 78351 Bodman-Ludwigshafen Handelsregister: HRB Handelsregisternummer: 590351 Umsatzsteuer-Identifikationsnummer: DE 212269492 , nachfolgend Anbieter genannt, der Vertrag zustande. Vertragsgegenstand Durch diesen Vertrag wird der Verkauf von neue Waren \u00fcber den Online-Shop des Anbieters geregelt. Wegen der [&hellip;]<\/p>\n","protected":false},"author":139,"featured_media":0,"parent":1573,"menu_order":65,"comment_status":"closed","ping_status":"closed","template":"page-info.php","meta":{"_acf_changed":false,"footnotes":""},"class_list":["post-1584","page","type-page","status-publish","hentry"],"acf":[],"yoast_head":"<!-- This site is optimized with the Yoast SEO Premium plugin v27.3 (Yoast SEO v27.4) - https:\/\/yoast.com\/product\/yoast-seo-premium-wordpress\/ -->\n<title>General Terms &amp; Conditions - Sonnenleder<\/title>\n<meta name=\"robots\" content=\"index, follow, max-snippet:-1, max-image-preview:large, max-video-preview:-1\" \/>\n<link rel=\"canonical\" href=\"https:\/\/www.sonnenleder.com\/en\/information\/agb\/\" \/>\n<meta property=\"og:locale\" content=\"en_US\" \/>\n<meta property=\"og:type\" content=\"article\" \/>\n<meta property=\"og:title\" content=\"General Terms &amp; Conditions\" \/>\n<meta property=\"og:description\" content=\"Vertragspartner Auf Grundlage dieser Allgemeinen Gesch\u00e4ftsbedingungen (AGB) kommt zwischen dem Kunden und Sonnen-Leder GmbH Vertreten durch Andreas Morgenstern Adresse: M\u00fchlbachstra\u00dfe 20 78351 Bodman-Ludwigshafen Handelsregister: HRB Handelsregisternummer: 590351 Umsatzsteuer-Identifikationsnummer: DE 212269492 , nachfolgend Anbieter genannt, der Vertrag zustande. Vertragsgegenstand Durch diesen Vertrag wird der Verkauf von neue Waren \u00fcber den Online-Shop des Anbieters geregelt. Wegen der [&hellip;]\" \/>\n<meta property=\"og:url\" content=\"https:\/\/www.sonnenleder.com\/en\/information\/agb\/\" \/>\n<meta property=\"og:site_name\" content=\"Sonnenleder\" \/>\n<meta property=\"article:modified_time\" content=\"2018-02-27T16:48:39+00:00\" \/>\n<meta name=\"twitter:card\" content=\"summary_large_image\" \/>\n<meta name=\"twitter:label1\" content=\"Est. reading time\" \/>\n\t<meta name=\"twitter:data1\" content=\"6 minutes\" \/>\n<script type=\"application\/ld+json\" class=\"yoast-schema-graph\">{\"@context\":\"https:\\\/\\\/schema.org\",\"@graph\":[{\"@type\":\"WebPage\",\"@id\":\"https:\\\/\\\/www.sonnenleder.com\\\/en\\\/information\\\/agb\\\/\",\"url\":\"https:\\\/\\\/www.sonnenleder.com\\\/en\\\/information\\\/agb\\\/\",\"name\":\"General Terms & Conditions - Sonnenleder\",\"isPartOf\":{\"@id\":\"https:\\\/\\\/www.sonnenleder.com\\\/en\\\/#website\"},\"datePublished\":\"2017-05-05T10:00:47+00:00\",\"dateModified\":\"2018-02-27T16:48:39+00:00\",\"breadcrumb\":{\"@id\":\"https:\\\/\\\/www.sonnenleder.com\\\/en\\\/information\\\/agb\\\/#breadcrumb\"},\"inLanguage\":\"en-US\",\"potentialAction\":[{\"@type\":\"ReadAction\",\"target\":[\"https:\\\/\\\/www.sonnenleder.com\\\/en\\\/information\\\/agb\\\/\"]}]},{\"@type\":\"BreadcrumbList\",\"@id\":\"https:\\\/\\\/www.sonnenleder.com\\\/en\\\/information\\\/agb\\\/#breadcrumb\",\"itemListElement\":[{\"@type\":\"ListItem\",\"position\":1,\"name\":\"Startseite\",\"item\":\"https:\\\/\\\/www.sonnenleder.com\\\/en\\\/\"},{\"@type\":\"ListItem\",\"position\":2,\"name\":\"Information\",\"item\":\"https:\\\/\\\/www.sonnenleder.com\\\/en\\\/information\\\/\"},{\"@type\":\"ListItem\",\"position\":3,\"name\":\"General Terms &#038; Conditions\"}]},{\"@type\":\"WebSite\",\"@id\":\"https:\\\/\\\/www.sonnenleder.com\\\/en\\\/#website\",\"url\":\"https:\\\/\\\/www.sonnenleder.com\\\/en\\\/\",\"name\":\"Sonnenleder\",\"description\":\"Spezialist f\u00fcr Naturlederwaren\",\"publisher\":{\"@id\":\"https:\\\/\\\/www.sonnenleder.com\\\/en\\\/#organization\"},\"potentialAction\":[{\"@type\":\"SearchAction\",\"target\":{\"@type\":\"EntryPoint\",\"urlTemplate\":\"https:\\\/\\\/www.sonnenleder.com\\\/en\\\/?s={search_term_string}\"},\"query-input\":{\"@type\":\"PropertyValueSpecification\",\"valueRequired\":true,\"valueName\":\"search_term_string\"}}],\"inLanguage\":\"en-US\"},{\"@type\":\"Organization\",\"@id\":\"https:\\\/\\\/www.sonnenleder.com\\\/en\\\/#organization\",\"name\":\"Sonnenleder\",\"url\":\"https:\\\/\\\/www.sonnenleder.com\\\/en\\\/\",\"logo\":{\"@type\":\"ImageObject\",\"inLanguage\":\"en-US\",\"@id\":\"https:\\\/\\\/www.sonnenleder.com\\\/en\\\/#\\\/schema\\\/logo\\\/image\\\/\",\"url\":\"https:\\\/\\\/www.sonnenleder.com\\\/wp-content\\\/uploads\\\/2022\\\/10\\\/Sonnenleder-logo.png\",\"contentUrl\":\"https:\\\/\\\/www.sonnenleder.com\\\/wp-content\\\/uploads\\\/2022\\\/10\\\/Sonnenleder-logo.png\",\"width\":858,\"height\":672,\"caption\":\"Sonnenleder\"},\"image\":{\"@id\":\"https:\\\/\\\/www.sonnenleder.com\\\/en\\\/#\\\/schema\\\/logo\\\/image\\\/\"},\"sameAs\":[\"https:\\\/\\\/www.instagram.com\\\/sonnenleder\\\/\"]}]}<\/script>\n<!-- \/ Yoast SEO Premium plugin. -->","yoast_head_json":{"title":"General Terms & Conditions - Sonnenleder","robots":{"index":"index","follow":"follow","max-snippet":"max-snippet:-1","max-image-preview":"max-image-preview:large","max-video-preview":"max-video-preview:-1"},"canonical":"https:\/\/www.sonnenleder.com\/en\/information\/agb\/","og_locale":"en_US","og_type":"article","og_title":"General Terms & Conditions","og_description":"Vertragspartner Auf Grundlage dieser Allgemeinen Gesch\u00e4ftsbedingungen (AGB) kommt zwischen dem Kunden und Sonnen-Leder GmbH Vertreten durch Andreas Morgenstern Adresse: M\u00fchlbachstra\u00dfe 20 78351 Bodman-Ludwigshafen Handelsregister: HRB Handelsregisternummer: 590351 Umsatzsteuer-Identifikationsnummer: DE 212269492 , nachfolgend Anbieter genannt, der Vertrag zustande. Vertragsgegenstand Durch diesen Vertrag wird der Verkauf von neue Waren \u00fcber den Online-Shop des Anbieters geregelt. Wegen der [&hellip;]","og_url":"https:\/\/www.sonnenleder.com\/en\/information\/agb\/","og_site_name":"Sonnenleder","article_modified_time":"2018-02-27T16:48:39+00:00","twitter_card":"summary_large_image","twitter_misc":{"Est. reading time":"6 minutes"},"schema":{"@context":"https:\/\/schema.org","@graph":[{"@type":"WebPage","@id":"https:\/\/www.sonnenleder.com\/en\/information\/agb\/","url":"https:\/\/www.sonnenleder.com\/en\/information\/agb\/","name":"General Terms & Conditions - Sonnenleder","isPartOf":{"@id":"https:\/\/www.sonnenleder.com\/en\/#website"},"datePublished":"2017-05-05T10:00:47+00:00","dateModified":"2018-02-27T16:48:39+00:00","breadcrumb":{"@id":"https:\/\/www.sonnenleder.com\/en\/information\/agb\/#breadcrumb"},"inLanguage":"en-US","potentialAction":[{"@type":"ReadAction","target":["https:\/\/www.sonnenleder.com\/en\/information\/agb\/"]}]},{"@type":"BreadcrumbList","@id":"https:\/\/www.sonnenleder.com\/en\/information\/agb\/#breadcrumb","itemListElement":[{"@type":"ListItem","position":1,"name":"Startseite","item":"https:\/\/www.sonnenleder.com\/en\/"},{"@type":"ListItem","position":2,"name":"Information","item":"https:\/\/www.sonnenleder.com\/en\/information\/"},{"@type":"ListItem","position":3,"name":"General Terms &#038; Conditions"}]},{"@type":"WebSite","@id":"https:\/\/www.sonnenleder.com\/en\/#website","url":"https:\/\/www.sonnenleder.com\/en\/","name":"Sonnenleder","description":"Spezialist f\u00fcr Naturlederwaren","publisher":{"@id":"https:\/\/www.sonnenleder.com\/en\/#organization"},"potentialAction":[{"@type":"SearchAction","target":{"@type":"EntryPoint","urlTemplate":"https:\/\/www.sonnenleder.com\/en\/?s={search_term_string}"},"query-input":{"@type":"PropertyValueSpecification","valueRequired":true,"valueName":"search_term_string"}}],"inLanguage":"en-US"},{"@type":"Organization","@id":"https:\/\/www.sonnenleder.com\/en\/#organization","name":"Sonnenleder","url":"https:\/\/www.sonnenleder.com\/en\/","logo":{"@type":"ImageObject","inLanguage":"en-US","@id":"https:\/\/www.sonnenleder.com\/en\/#\/schema\/logo\/image\/","url":"https:\/\/www.sonnenleder.com\/wp-content\/uploads\/2022\/10\/Sonnenleder-logo.png","contentUrl":"https:\/\/www.sonnenleder.com\/wp-content\/uploads\/2022\/10\/Sonnenleder-logo.png","width":858,"height":672,"caption":"Sonnenleder"},"image":{"@id":"https:\/\/www.sonnenleder.com\/en\/#\/schema\/logo\/image\/"},"sameAs":["https:\/\/www.instagram.com\/sonnenleder\/"]}]}},"_links":{"self":[{"href":"https:\/\/www.sonnenleder.com\/en\/wp-json\/wp\/v2\/pages\/1584","targetHints":{"allow":["GET"]}}],"collection":[{"href":"https:\/\/www.sonnenleder.com\/en\/wp-json\/wp\/v2\/pages"}],"about":[{"href":"https:\/\/www.sonnenleder.com\/en\/wp-json\/wp\/v2\/types\/page"}],"author":[{"embeddable":true,"href":"https:\/\/www.sonnenleder.com\/en\/wp-json\/wp\/v2\/users\/139"}],"replies":[{"embeddable":true,"href":"https:\/\/www.sonnenleder.com\/en\/wp-json\/wp\/v2\/comments?post=1584"}],"version-history":[{"count":2,"href":"https:\/\/www.sonnenleder.com\/en\/wp-json\/wp\/v2\/pages\/1584\/revisions"}],"predecessor-version":[{"id":5378,"href":"https:\/\/www.sonnenleder.com\/en\/wp-json\/wp\/v2\/pages\/1584\/revisions\/5378"}],"up":[{"embeddable":true,"href":"https:\/\/www.sonnenleder.com\/en\/wp-json\/wp\/v2\/pages\/1573"}],"wp:attachment":[{"href":"https:\/\/www.sonnenleder.com\/en\/wp-json\/wp\/v2\/media?parent=1584"}],"curies":[{"name":"wp","href":"https:\/\/api.w.org\/{rel}","templated":true}]}}